{"id":831,"date":"2022-08-24T11:22:03","date_gmt":"2022-08-24T11:22:03","guid":{"rendered":"https:\/\/kontikihelsepark.no\/home\/home-2\/"},"modified":"2026-01-28T12:20:53","modified_gmt":"2026-01-28T12:20:53","slug":"hjem","status":"publish","type":"page","link":"https:\/\/kontikihelsepark.no\/home\/","title":{"rendered":"Hjem"},"content":{"rendered":"\n\n\n\n\n<span style=\"color:#000000;\"><span style=\"font-family:Arial;\">Kon-Tiki Helsepark tilbyr bred behandling og veiledning av fysiske og psykiske plager.<\/span><\/span><p><span style=\"color:#000000;\"><span style=\"font-family:Arial;\">&nbsp;Med ulike faggrupper og ulike personligheter har vi verkt\u00f8yene for \u00e5 hjelpe deg.&nbsp;<\/span><\/span><\/p><p><span style=\"color:#000000;\"><span style=\"font-family:Arial;\"><br><\/span><\/span><\/p><p><span style=\"color:#000000;\"><span style=\"font-family:Arial;\">&nbsp;Vi er en tverrfaglig klinikk med spesialkompetanse innen psykologi, kvinnehelse og idrettsskader.&nbsp;<\/span><\/span><\/p><p><span style=\"color:#000000;\"><span style=\"font-family:Arial;\"><br><\/span><\/span><\/p><p><span style=\"color:#000000;\"><span style=\"font-family:Arial;\">Fysioterapeutene jobber med alt fra idrett, bekkenhelse, svimmelhet, kvinnehelse og mye annet innen muskel- og skjelettfeltet.<\/span><\/span><\/p><p><span style=\"color:#000000;\"><span style=\"font-family:Arial;\">&nbsp;V\u00e5re psykologiske behandlere kan hjelpe deg med alle slags psykologiske problemer, fra lettere og avgrensede livsproblemer, til alvorlige psykiske lidelser.<\/span><\/span><\/p><p><span style=\"color:#000000;\"><span style=\"font-family:Arial;\"><br><\/span><\/span><\/p><p><span style=\"color:#000000;\"><span style=\"font-family:Arial;\">&nbsp;Vi har lang erfaring og jobber med mennesker i alle<\/span> aldre.<\/span><\/p>\n\n\n\n\n\n\n\n\n\n\n\n\n<h2><\/h2>\n\n\n<p [object NamedNodeMap]><strong>Vi prioriterer et godt faglig samarbeid i klinikken, og slik s\u00f8rger vi for at v\u00e5re pasienter f\u00e5r best mulig oppf\u00f8lging og behandling.<\/strong><\/p>\n\n\n\n\n\n<p style=\"color: rgb(68, 68, 68); font-family: &quot;Abhaya Libre&quot;;\">En fysioterapeut har offentlig godkjenning som helsearbeider.<\/p><p style=\"color: rgb(68, 68, 68); font-family: &quot;Abhaya Libre&quot;;\">&nbsp;Vi behandler de fleste typer smertelidelser, og jobber mye med b\u00e5de behandling, og forebygging av skader og sykdom.<\/p>\n\n\n\n\n<p style=\"color: rgb(68, 68, 68); font-family: &quot;Abhaya Libre&quot;;\">En psykolog eller psykologisk r\u00e5dgiver kan hjelpe deg med alt fra lettere og avgrensede livsproblemer, til alvorlige psykiske lidelser.<\/p><p style=\"color: rgb(68, 68, 68); font-family: &quot;Abhaya Libre&quot;;\">&nbsp;Vi har bred erfaring og jobber med mennesker i alle aldre.<\/p>\n\n\n\n\n<p><span style=\"color: rgb(68, 68, 68); font-family: &quot;Abhaya Libre&quot;;\">Vi bruker ultralyd for \u00e5 unders\u00f8ke muskulatur, sener, ledd, leddb\u00e5nd, slimposer og nerver.<\/span><\/p><p><span style=\"color: rgb(68, 68, 68); font-family: &quot;Abhaya Libre&quot;;\">&nbsp;Ultralyd kan avdekke sykt og skadet vev, og i kombinasjon med klinisk unders\u00f8kelse gir det oss en sikrere diagnose.<\/span><\/p>\n\n\n\n\n\n\n\n<span style=\"color: rgb(0, 0, 0); font-family: Arial;\">Trykkb\u00f8lgebehandling er en behandlingsmetode i fysikalsk medisin med h\u00f8yenergetiske trykkb\u00f8lger for \u00e5 stimulere kroppens naturlige helingsmekanismer.<br>&nbsp;Under behandlingen sendes trykkb\u00f8lger inn i der skaden sitter, noe som f\u00f8rer til mikroskader i vevet og stimulerer til reparasjon og dannelse av friskt vev.<br>&nbsp;Metoden kan ogs\u00e5 bryte ned forkalkninger i sener, for eksempel i skulder og akilles.<\/span>\n\n\n\n\n\n\n\n\n\n\n\n\n\n\n\n\n\n\n\n\n\n\n\n<h3><br><\/h3>\n\n\n<p>Lorem Ipsum has been the industry&#8217;s standard dummy text ever since the 1500s.<\/p>\n\n\n\n\n\n\n\n\n\n\n\n\n\n\n\n\n","protected":false},"excerpt":{"rendered":"","protected":false},"author":1,"featured_media":0,"parent":0,"menu_order":0,"comment_status":"closed","ping_status":"closed","template":"","meta":{"pagelayer_contact_templates":[],"_pagelayer_content":"","_mi_skip_tracking":false,"footnotes":""},"class_list":["post-831","page","type-page","status-publish","hentry"],"aioseo_notices":[],"_links":{"self":[{"href":"https:\/\/kontikihelsepark.no\/home\/wp-json\/wp\/v2\/pages\/831","targetHints":{"allow":["GET"]}}],"collection":[{"href":"https:\/\/kontikihelsepark.no\/home\/wp-json\/wp\/v2\/pages"}],"about":[{"href":"https:\/\/kontikihelsepark.no\/home\/wp-json\/wp\/v2\/types\/page"}],"author":[{"embeddable":true,"href":"https:\/\/kontikihelsepark.no\/home\/wp-json\/wp\/v2\/users\/1"}],"replies":[{"embeddable":true,"href":"https:\/\/kontikihelsepark.no\/home\/wp-json\/wp\/v2\/comments?post=831"}],"version-history":[{"count":177,"href":"https:\/\/kontikihelsepark.no\/home\/wp-json\/wp\/v2\/pages\/831\/revisions"}],"predecessor-version":[{"id":1554,"href":"https:\/\/kontikihelsepark.no\/home\/wp-json\/wp\/v2\/pages\/831\/revisions\/1554"}],"wp:attachment":[{"href":"https:\/\/kontikihelsepark.no\/home\/wp-json\/wp\/v2\/media?parent=831"}],"curies":[{"name":"wp","href":"https:\/\/api.w.org\/{rel}","templated":true}]}}