{"id":712,"date":"2022-08-08T07:16:58","date_gmt":"2022-08-08T07:16:58","guid":{"rendered":"https:\/\/kontikihelsepark.no\/home\/?page_id=712"},"modified":"2025-09-17T11:27:47","modified_gmt":"2025-09-17T11:27:47","slug":"havard-smestad","status":"publish","type":"page","link":"https:\/\/kontikihelsepark.no\/home\/havard-smestad\/","title":{"rendered":"H\u00e5vard Smestad"},"content":{"rendered":"\n\n\n\n<h3 style=\"color: rgb(0, 0, 0);\"><span style=\"color: rgb(68, 68, 68);\"><span style=\"font-weight: bolder; font-family: &quot;Abril Fatface&quot;;\">Idrettsfysioterapeut<\/span><\/span><\/h3>\n\n\n\n\n<p style=\"color: rgb(68, 68, 68); font-family: &quot;Abhaya Libre&quot;;\"><strong>H\u00e5vard Smestad <\/strong>har &nbsp;en master i idrettsfysioterapi og videreutdanning i ultralyddiagnostikk.<\/p>\n<p style=\"color: rgb(68, 68, 68); font-family: &quot;Abhaya Libre&quot;;\">Fysioterapeut for IF Fram Fotball.<\/p>\n<p style=\"color: rgb(68, 68, 68); font-family: &quot;Abhaya Libre&quot;;\">Opptatt av idrettsskader, forebygging og diagnostikk av akutte skader.Bruker ultralyddiagnostikk som en del av unders\u00f8kelsesmetodikken for \u00e5 tryggere kunne stille riktig diagnose.  Opptatt av tverrfaglig samarbeid b\u00e5de med de andre p\u00e5 klinikken, men ogs\u00e5 med \u00e5 hjelpe videre om dette er n\u00f8dvendig.<\/p>\n<p style=\"color: rgb(68, 68, 68); font-family: &quot;Abhaya Libre&quot;;\">H\u00e5vard har kommunal driftsavtale.<\/p><p style=\"color: rgb(68, 68, 68); font-family: &quot;Abhaya Libre&quot;;\"><br><\/p><p style=\"color: rgb(68, 68, 68); font-family: &quot;Abhaya Libre&quot;;\">Jobber p\u00e5 KonTiki Helsepark onsdager og fredager.<br><br>H\u00e5vard tilbyr&nbsp;<span style=\"color: rgb(238, 170, 109);\"><a href=\"https:\/\/kontikihelsepark.no\/home\/test\/ultralyd\/\" style=\"color: rgb(238, 170, 109);\">ultralyddiagnostikk<\/a><\/span><a href=\"https:\/\/kontikihelsepark.no\/home\/test\/ultralyd\/\"><\/a>&nbsp;i sin behandling.<br><br><\/p>\n\n\n\n\n\n\n\n\n\n\n\n","protected":false},"excerpt":{"rendered":"","protected":false},"author":1,"featured_media":0,"parent":0,"menu_order":0,"comment_status":"closed","ping_status":"closed","template":"","meta":{"pagelayer_contact_templates":[],"_pagelayer_content":"","_mi_skip_tracking":false,"footnotes":""},"class_list":["post-712","page","type-page","status-publish","hentry"],"aioseo_notices":[],"_links":{"self":[{"href":"https:\/\/kontikihelsepark.no\/home\/wp-json\/wp\/v2\/pages\/712","targetHints":{"allow":["GET"]}}],"collection":[{"href":"https:\/\/kontikihelsepark.no\/home\/wp-json\/wp\/v2\/pages"}],"about":[{"href":"https:\/\/kontikihelsepark.no\/home\/wp-json\/wp\/v2\/types\/page"}],"author":[{"embeddable":true,"href":"https:\/\/kontikihelsepark.no\/home\/wp-json\/wp\/v2\/users\/1"}],"replies":[{"embeddable":true,"href":"https:\/\/kontikihelsepark.no\/home\/wp-json\/wp\/v2\/comments?post=712"}],"version-history":[{"count":17,"href":"https:\/\/kontikihelsepark.no\/home\/wp-json\/wp\/v2\/pages\/712\/revisions"}],"predecessor-version":[{"id":1526,"href":"https:\/\/kontikihelsepark.no\/home\/wp-json\/wp\/v2\/pages\/712\/revisions\/1526"}],"wp:attachment":[{"href":"https:\/\/kontikihelsepark.no\/home\/wp-json\/wp\/v2\/media?parent=712"}],"curies":[{"name":"wp","href":"https:\/\/api.w.org\/{rel}","templated":true}]}}