{"id":619,"date":"2022-07-31T11:49:32","date_gmt":"2022-07-31T11:49:32","guid":{"rendered":"https:\/\/kontikihelsepark.no\/home\/?page_id=619"},"modified":"2026-02-04T11:56:43","modified_gmt":"2026-02-04T11:56:43","slug":"psykolog-og-psykologiske-radgivere","status":"publish","type":"page","link":"https:\/\/kontikihelsepark.no\/home\/test\/psykolog-og-psykologiske-radgivere\/","title":{"rendered":"Psykolog og psykologisk r\u00e5dgivning"},"content":{"rendered":"\n\n\n\n<h3><span style=\"color: rgb(68, 68, 68);\"><span style=\"font-weight: bolder; font-family: Arial;\">Psykolog<\/span><\/span><\/h3>\n\n\n\n\n\n\n<h5 [object NamedNodeMap]>Psykolog<\/h5>\n\n\n<p><font color=\"#444444\" face=\"Abhaya Libre\"><strong>Daniel Jonsson<\/strong> er f\u00f8dt 1969, bosatt i Stavern og har to barn. Han har jobbet som privatpraktiserende psykolog i mer en 10 \u00e5r og tilbyr kognitiv terapi for voksne, kombinert med prinsipper for mentaliseringsbasert terapi, MBT. (https:\/\/www.kognitiv.no, https:\/\/www.mentalisering.no) Daniel holder ogs\u00e5 foredrag og driver veiledningsprosesser for ledere og personalgrupper.<br><br>Han har er utdannet ved G\u00f8teborgs universitet og har sin teoretiske base i psykodynamiske teorier, kombinert med kognitiv metodikk. P\u00e5 senere \u00e5r har han videreutdannet seg innenfor MBT, mentaliseringsbasert terapi og har g\u00e5tt i veiledning hos psykiaterne\/professorene Finn Sk\u00e5rderud og Sigmund Karterud.<br><br>Daniel har tidligere jobbet som idrettspsykolog med fokus p\u00e5 mental trening for toppidrettsut\u00f8vere, og han har ogs\u00e5 lang fartstid innenfor barnehage og skole (PPT) der han arbeidet med utredninger, evne- og spr\u00e5ktesting samt veiledning til l\u00e6rere og foreldre. N\u00e5r han ikke er p\u00e5 jobb er han genuint engasjert som fotballtrener i barnefotballen og han holder seg selv i form med jogging, crossfit og meditasjon.<\/font><br><\/p>\n\n<div dir=\"ltr\" style=\"background-color: rgb(255, 255, 255); font-family: &quot;Abhaya Libre&quot;; font-size: 12pt; color: rgb(0, 0, 0);\"><span style=\"color: rgb(68, 68, 68);\">Samtalen varer i 45 minutter og koster 1180 kr. Timen betales med faktura via Fiken. Avbestilling senere enn 24 timer debiteres. <\/span><\/div>\n<div dir=\"ltr\" style=\"background-color: rgb(255, 255, 255); font-family: &quot;Abhaya Libre&quot;; font-size: 12pt; color: rgb(0, 0, 0);\"><span style=\"color: rgb(68, 68, 68);\">Kontakt Daniel p\u00e5 mail Daniel@horgen-jonsson.no, per telefon 412 28 519, eller via denne linken&nbsp;<\/span><span style=\"color: rgb(238, 170, 109);\"><a href=\"https:\/\/horgen-jonsson.no\/om-daniel\/\" target=\"_blank\" rel=\"noreferrer\" style=\"color: rgb(238, 170, 109);\">https:\/\/horgen-jonsson.no\/om-daniel\/<\/a><\/span><span style=\"color: rgb(68, 68, 68);\">.<br><br><\/span><\/div><div dir=\"ltr\" style=\"background-color: rgb(255, 255, 255); font-family: &quot;Abhaya Libre&quot;; font-size: 12pt; color: rgb(68, 68, 68);\">Bes\u00f8ksadresse: Reidar Teigens vei 7, 3262 Larvik<\/div><div dir=\"ltr\" style=\"background-color: rgb(255, 255, 255); font-family: &quot;Abhaya Libre&quot;; font-size: 12pt; color: rgb(68, 68, 68);\">Postadresse: Ingriveien 50, 3268 Larvik<\/div>\n\n\n<p>Lorem Ipsum has been the industry&#8217;s standard dummy text ever since the 1500s.<\/p>\n\n\n\n\n\n\n\n\n\n\n\n\n\n\n\n","protected":false},"excerpt":{"rendered":"","protected":false},"author":1,"featured_media":0,"parent":33,"menu_order":0,"comment_status":"closed","ping_status":"closed","template":"","meta":{"pagelayer_contact_templates":[],"_pagelayer_content":"","_mi_skip_tracking":false,"footnotes":""},"class_list":["post-619","page","type-page","status-publish","hentry"],"aioseo_notices":[],"_links":{"self":[{"href":"https:\/\/kontikihelsepark.no\/home\/wp-json\/wp\/v2\/pages\/619","targetHints":{"allow":["GET"]}}],"collection":[{"href":"https:\/\/kontikihelsepark.no\/home\/wp-json\/wp\/v2\/pages"}],"about":[{"href":"https:\/\/kontikihelsepark.no\/home\/wp-json\/wp\/v2\/types\/page"}],"author":[{"embeddable":true,"href":"https:\/\/kontikihelsepark.no\/home\/wp-json\/wp\/v2\/users\/1"}],"replies":[{"embeddable":true,"href":"https:\/\/kontikihelsepark.no\/home\/wp-json\/wp\/v2\/comments?post=619"}],"version-history":[{"count":73,"href":"https:\/\/kontikihelsepark.no\/home\/wp-json\/wp\/v2\/pages\/619\/revisions"}],"predecessor-version":[{"id":1563,"href":"https:\/\/kontikihelsepark.no\/home\/wp-json\/wp\/v2\/pages\/619\/revisions\/1563"}],"up":[{"embeddable":true,"href":"https:\/\/kontikihelsepark.no\/home\/wp-json\/wp\/v2\/pages\/33"}],"wp:attachment":[{"href":"https:\/\/kontikihelsepark.no\/home\/wp-json\/wp\/v2\/media?parent=619"}],"curies":[{"name":"wp","href":"https:\/\/api.w.org\/{rel}","templated":true}]}}