{"id":183,"date":"2020-12-31T06:53:21","date_gmt":"2020-12-31T06:53:21","guid":{"rendered":"https:\/\/kontikihelsepark.no\/home\/?page_id=183"},"modified":"2023-02-15T15:37:08","modified_gmt":"2023-02-15T15:37:08","slug":"akutteskader","status":"publish","type":"page","link":"https:\/\/kontikihelsepark.no\/home\/test\/akutteskader\/","title":{"rendered":"Forsikring"},"content":{"rendered":"\n\n\n\n\n\n<p style=\"text-align: center; font-family: &quot;Abhaya Libre&quot;;\">Man-fre: 07.00-17.00. Helg etter avtale.<\/p>\n\n\n\n\n\n<h1>Kon-tiki Helsepark<\/h1>\n<p><em>Bedre helse, gjennom godt samarbeid.<\/em><\/p>\n\n\n\n\n\n\n\n<h3 style=\"color: rgb(68, 68, 68);\">Forsikring<\/h3>\n<p style=\"text-align: left;\"><span style=\"color: rgb(68, 68, 68); font-family: &quot;Abhaya Libre&quot;;\">I de senere \u00e5r har helseforsikring blitt sv\u00e6rt vanlig i Norge. P\u00e5 landsbasis har over 500 000 nordmenn denne type forsikring, enten privat eller gjennom arbeidsgiver. Vi har et veldig godt samarbeid med de fleste forsikringsselskap i Norge som tilbyr denne type forsikring.&nbsp;<\/span><\/p>\n<p><span\u00a0style=\"color: rgb(68,=\"\" 68,=\"\" 68);=\"\" font-family:=\"\" &quot;abhaya=\"\" libre&quot;;\"=\"\"><\/span\u00a0style=\"color:><\/p><p style=\"text-align: left;\"><font color=\"#444444\" face=\"Abhaya Libre\">Dette er med p\u00e5 \u00e5 gj\u00f8re det \u00e5 v\u00e6re pasient hos oss en ryddig og enkel prosess. I de aller fleste tilfellene fakturerer vi forsikringsselskapene direkte, uten at du trenger \u00e5 legge ut for behandlingen. Det kan i noen tilfeller oppst\u00e5 forvirring for pasienter n\u00e5r de skal benytte seg av helseforsikringen sin. Kontakt oss gjerne s\u00e5 kan vi veilede deg slik at du f\u00e5r benyttet forsikringen din enkelt hos oss.&nbsp;<\/font><\/p>\n<p style=\"text-align: left;\"><font color=\"#444444\" face=\"Abhaya Libre\">Hvor mange behandlinger du f\u00e5r kommer an p\u00e5 ditt selskap, type forsikringspolise og skade. Noen forsikringsselskap sender denne informasjonen direkte til oss, men dersom dette ikke skjer m\u00e5 du ta med dette n\u00e5r du kommer til oss f\u00f8rste gang. N\u00e5r du har mottatt et saksnummer st\u00e5r du fritt til \u00e5 ringe oss for \u00e5 bestille time.&nbsp;<\/font><\/p>\n\n\n\n\n\n\n\n\n\n\n\n\n\n\n\n\n\n\n\n\n\n\n\n\n\n\n\n\n\n\n\n","protected":false},"excerpt":{"rendered":"","protected":false},"author":1,"featured_media":0,"parent":33,"menu_order":0,"comment_status":"closed","ping_status":"closed","template":"","meta":{"pagelayer_contact_templates":[],"_pagelayer_content":"","_mi_skip_tracking":false,"footnotes":""},"class_list":["post-183","page","type-page","status-publish","hentry"],"aioseo_notices":[],"_links":{"self":[{"href":"https:\/\/kontikihelsepark.no\/home\/wp-json\/wp\/v2\/pages\/183","targetHints":{"allow":["GET"]}}],"collection":[{"href":"https:\/\/kontikihelsepark.no\/home\/wp-json\/wp\/v2\/pages"}],"about":[{"href":"https:\/\/kontikihelsepark.no\/home\/wp-json\/wp\/v2\/types\/page"}],"author":[{"embeddable":true,"href":"https:\/\/kontikihelsepark.no\/home\/wp-json\/wp\/v2\/users\/1"}],"replies":[{"embeddable":true,"href":"https:\/\/kontikihelsepark.no\/home\/wp-json\/wp\/v2\/comments?post=183"}],"version-history":[{"count":25,"href":"https:\/\/kontikihelsepark.no\/home\/wp-json\/wp\/v2\/pages\/183\/revisions"}],"predecessor-version":[{"id":1407,"href":"https:\/\/kontikihelsepark.no\/home\/wp-json\/wp\/v2\/pages\/183\/revisions\/1407"}],"up":[{"embeddable":true,"href":"https:\/\/kontikihelsepark.no\/home\/wp-json\/wp\/v2\/pages\/33"}],"wp:attachment":[{"href":"https:\/\/kontikihelsepark.no\/home\/wp-json\/wp\/v2\/media?parent=183"}],"curies":[{"name":"wp","href":"https:\/\/api.w.org\/{rel}","templated":true}]}}