{"id":172,"date":"2020-12-31T06:50:20","date_gmt":"2020-12-31T06:50:20","guid":{"rendered":"https:\/\/kontikihelsepark.no\/home\/?page_id=172"},"modified":"2026-02-04T11:55:04","modified_gmt":"2026-02-04T11:55:04","slug":"priser","status":"publish","type":"page","link":"https:\/\/kontikihelsepark.no\/home\/test\/priser\/","title":{"rendered":"\u00c5pningstid &#038; pris"},"content":{"rendered":"\n\n\n\n\n\n\n<h2><span style=\"color: rgb(68, 68, 68);\"><span style=\"font-weight: bolder; font-family: &quot;Abril Fatface&quot;;\"><sub style=\"font-family: Arial;\">V\u00e5re priser<\/sub><\/span><\/span><\/h2>\n\n\n\n\n\n\n\n\n\n<span style=\"color: rgb(0, 0, 0); font-family: Arial;\"><strong>Time hos Ellen<\/strong><p><\/p><\/span><p><br><\/p>\n\n\n\n<span style=\"font-family: Arial; color: rgb(0, 0, 0);\">F\u00f8rstegangs konsultasjon: 1150,- (50-60min)\nUtvidet f\u00f8rstegang: 1800,- (ca 90 min)<br>Passer for deg som har en komplisert historikk, komplekse plager, kroniske plager, overgangsalder, utmattelse eller endometriose. Problematikker som tar litt tid og ofte har mye historikk.<br><br>Oppf\u00f8lging: 650,- (20-30 min)\n<br>&nbsp;Utvidet oppf\u00f8lging: 820,- (40 min) <br>Kort oppf\u00f8lging: 430,- (max 20min)\n<br><br>For booking: Kontakt Ellen p\u00e5 900 85 662. <br>Ofte g\u00e5r det raskere \u00e5 f\u00e5 svar p\u00e5 sms enn ved \u00e5 ringe. Du kan ogs\u00e5 sende mail: ellen.a.fysio@gmail.com  <p><\/p><\/span><p><br><\/p>\n\n\n\n\n\n<p><strong style=\"color: rgb(68, 68, 68); font-family: Arial;\">Time hos Daniel<\/strong><\/p>\n\n\n\n<span style=\"color:#000000;\">Samtalen varer i 45 minutter og koster 1180 kr.<br><br>Timen betales med faktura via Fiken. Avbestilling senere enn 24 timer debiteres.<\/span><br><span style=\"color:#000000;\"><br>Kontakt Daniel p\u00e5 mail Daniel@horgen-jonsson.no, per telefon 412 28 519, eller via denne linken https:\/\/horgen-jonsson.no\/om-daniel\/.<\/span><p><br><\/p>\n\n\n\n\n\n<p><strong style=\"color: rgb(68, 68, 68); font-family: Arial;\">Time hos H\u00e5vard, B\u00e5rd og Kjersti<\/strong><\/p>\n\n\n\n<span style=\"color: rgb(0, 0, 0); font-family: Arial;\">F\u00f8lger takstplakaten for fysioterapi<p><\/p><\/span><p><br><\/p>\n\n\n\n\n\n\n\n\n\n<span style=\"color: rgb(68, 68, 68); font-family: Arial;\"><p style=\"text-align: center; font-family: &quot;Abhaya Libre&quot;;\">Time hos fysioterapeut med driftstilskudd m\u00e5 avtales direkte med fysioterapeuten og f\u00f8lger takstplakaten.&nbsp;<\/p><p style=\"text-align: center; font-family: &quot;Abhaya Libre&quot;;\">Psykolog og psykologiske r\u00e5dgivere har ikke driftstilskudd.<\/p><p style=\"text-align: center; font-family: &quot;Abhaya Libre&quot;;\">&nbsp;Alle bookinger er bindende og avbestillinger m\u00e5 skje per telefon eller mail senest 24 timer f\u00f8r avtale.<\/p><p style=\"text-align: center; font-family: &quot;Abhaya Libre&quot;;\">&nbsp;Ved for sen avbestilling belastes man for hele timen.<\/p><\/span><p><\/p>\n\n\n\n\n\n<p [object NamedNodeMap]>\u00c5pningstid til Kon-Tiki Helsepark er hverdager fra kl. 07.00-17.00. Det kan forekomme variasjoner hos de ulike behandlerne.\u00a0<\/p>\n\n\n\n\n\n\n\n\n\n\n\n\n\n\n\n\n\n\n","protected":false},"excerpt":{"rendered":"","protected":false},"author":1,"featured_media":0,"parent":33,"menu_order":0,"comment_status":"closed","ping_status":"closed","template":"","meta":{"pagelayer_contact_templates":[],"_pagelayer_content":"","_mi_skip_tracking":false,"footnotes":""},"class_list":["post-172","page","type-page","status-publish","hentry"],"aioseo_notices":[],"_links":{"self":[{"href":"https:\/\/kontikihelsepark.no\/home\/wp-json\/wp\/v2\/pages\/172","targetHints":{"allow":["GET"]}}],"collection":[{"href":"https:\/\/kontikihelsepark.no\/home\/wp-json\/wp\/v2\/pages"}],"about":[{"href":"https:\/\/kontikihelsepark.no\/home\/wp-json\/wp\/v2\/types\/page"}],"author":[{"embeddable":true,"href":"https:\/\/kontikihelsepark.no\/home\/wp-json\/wp\/v2\/users\/1"}],"replies":[{"embeddable":true,"href":"https:\/\/kontikihelsepark.no\/home\/wp-json\/wp\/v2\/comments?post=172"}],"version-history":[{"count":58,"href":"https:\/\/kontikihelsepark.no\/home\/wp-json\/wp\/v2\/pages\/172\/revisions"}],"predecessor-version":[{"id":1562,"href":"https:\/\/kontikihelsepark.no\/home\/wp-json\/wp\/v2\/pages\/172\/revisions\/1562"}],"up":[{"embeddable":true,"href":"https:\/\/kontikihelsepark.no\/home\/wp-json\/wp\/v2\/pages\/33"}],"wp:attachment":[{"href":"https:\/\/kontikihelsepark.no\/home\/wp-json\/wp\/v2\/media?parent=172"}],"curies":[{"name":"wp","href":"https:\/\/api.w.org\/{rel}","templated":true}]}}